{"id":70,"date":"2023-01-15T22:40:14","date_gmt":"2023-01-15T21:40:14","guid":{"rendered":"https:\/\/vinarstvifrydek.cz\/?page_id=70"},"modified":"2023-01-17T21:55:27","modified_gmt":"2023-01-17T20:55:27","slug":"kontakt","status":"publish","type":"page","link":"https:\/\/vinarstvifrydek.cz\/?page_id=70","title":{"rendered":"Kontakt"},"content":{"rendered":"\n<p><\/p>\n\n\n\n<p><\/p>\n\n\n\n<div class=\"wp-block-columns alignfull has-text-color has-background is-layout-flex wp-container-core-columns-is-layout-9d6595d7 wp-block-columns-is-layout-flex\" style=\"color:#000000;background-color:#ffffff\">\n<div class=\"wp-block-column is-layout-flow wp-block-column-is-layout-flow\">\n<h3 class=\"wp-block-heading\" style=\"font-size:24px;line-height:1.3\"><strong><strong>Kontakt ubytov\u00e1n\u00ed, v\u00edno a degustace<\/strong><\/strong><\/h3>\n\n\n\n<p>E-mail:&nbsp;<br><a href=\"mailto:info@frydek.com\">info@frydek.com<\/a><br><a href=\"mailto:jirifrydek@seznam.cz\">jirifrydek@seznam.cz<\/a><br><a href=\"mailto:vlasta.frydkova@seznam.cz\">vlasta.frydkova@seznam.cz<\/a><\/p>\n\n\n\n<p>Telefon:&nbsp;<br>&nbsp;&nbsp;&nbsp;&nbsp;&nbsp;+420 721 684 571<br>&nbsp;&nbsp;&nbsp;&nbsp;&nbsp;+420 737 237 133<\/p>\n<\/div>\n\n\n\n<div class=\"wp-block-column is-layout-flow wp-block-column-is-layout-flow\">\n<h3 class=\"wp-block-heading\" style=\"font-size:24px;line-height:1.3\"><strong><strong>Adresa provozovny<\/strong><\/strong><\/h3>\n\n\n\n<p><\/p>\n\n\n\n<p>Vina\u0159stv\u00ed Ing. Ji\u0159\u00ed Fr\u00fddek<br>U Sokolovny 868, Moravsk\u00e1 Nov\u00e1 Ves<\/p>\n<\/div>\n\n\n\n<div class=\"wp-block-column is-layout-flow wp-block-column-is-layout-flow\">\n<h3 class=\"wp-block-heading\" style=\"font-size:24px;line-height:1.3\"><strong><strong>Adresa ubytov\u00e1n\u00ed<\/strong><\/strong><\/h3>\n\n\n\n<p><\/p>\n\n\n\n<p>V\u00fdmol 52, Moravsk\u00e1 Nov\u00e1 Ves <\/p>\n\n\n\n<iframe loading=\"lazy\" style=\"border:none\" src=\"https:\/\/frame.mapy.cz\/s\/bevavadudo\" width=\"400\" height=\"280\" frameborder=\"0\"><\/iframe>\n<\/div>\n<\/div>\n\n\n\n<p><\/p>\n\n\n\n<p><\/p>\n","protected":false},"excerpt":{"rendered":"<p>Kontakt ubytov\u00e1n\u00ed, v\u00edno a degustace E-mail:&nbsp;info@frydek.comjirifrydek@seznam.czvlasta.frydkova@seznam.cz Telefon:&nbsp;&nbsp;&nbsp;&nbsp;&nbsp;&nbsp;+420 721 684 571&nbsp;&nbsp;&nbsp;&nbsp;&nbsp;+420 737 237 133 Adresa provozovny Vina\u0159stv\u00ed Ing. Ji\u0159\u00ed Fr\u00fddekU Sokolovny 868, Moravsk\u00e1 Nov\u00e1 Ves Adresa ubytov\u00e1n\u00ed V\u00fdmol 52, Moravsk\u00e1 Nov\u00e1 Ves<\/p>\n","protected":false},"author":1,"featured_media":0,"parent":0,"menu_order":0,"comment_status":"closed","ping_status":"closed","template":"","meta":{"_coblocks_attr":"","_coblocks_dimensions":"","_coblocks_responsive_height":"","_coblocks_accordion_ie_support":"","hide_page_title":"","footnotes":""},"class_list":["post-70","page","type-page","status-publish","hentry"],"_links":{"self":[{"href":"https:\/\/vinarstvifrydek.cz\/index.php?rest_route=\/wp\/v2\/pages\/70","targetHints":{"allow":["GET"]}}],"collection":[{"href":"https:\/\/vinarstvifrydek.cz\/index.php?rest_route=\/wp\/v2\/pages"}],"about":[{"href":"https:\/\/vinarstvifrydek.cz\/index.php?rest_route=\/wp\/v2\/types\/page"}],"author":[{"embeddable":true,"href":"https:\/\/vinarstvifrydek.cz\/index.php?rest_route=\/wp\/v2\/users\/1"}],"replies":[{"embeddable":true,"href":"https:\/\/vinarstvifrydek.cz\/index.php?rest_route=%2Fwp%2Fv2%2Fcomments&post=70"}],"version-history":[{"count":8,"href":"https:\/\/vinarstvifrydek.cz\/index.php?rest_route=\/wp\/v2\/pages\/70\/revisions"}],"predecessor-version":[{"id":125,"href":"https:\/\/vinarstvifrydek.cz\/index.php?rest_route=\/wp\/v2\/pages\/70\/revisions\/125"}],"wp:attachment":[{"href":"https:\/\/vinarstvifrydek.cz\/index.php?rest_route=%2Fwp%2Fv2%2Fmedia&parent=70"}],"curies":[{"name":"wp","href":"https:\/\/api.w.org\/{rel}","templated":true}]}}