{"id":49,"date":"2023-01-15T22:13:09","date_gmt":"2023-01-15T21:13:09","guid":{"rendered":"https:\/\/vinarstvifrydek.cz\/?page_id=49"},"modified":"2023-01-16T00:36:37","modified_gmt":"2023-01-15T23:36:37","slug":"vitejte","status":"publish","type":"page","link":"https:\/\/vinarstvifrydek.cz\/","title":{"rendered":"V\u00edtejte"},"content":{"rendered":"\n<p><\/p>\n\n\n\n<figure class=\"wp-block-image size-full\"><img loading=\"lazy\" decoding=\"async\" width=\"534\" height=\"240\" src=\"https:\/\/vinarstvifrydek.cz\/wp-content\/uploads\/2023\/01\/image-1.png\" alt=\"\" class=\"wp-image-33\" srcset=\"https:\/\/vinarstvifrydek.cz\/wp-content\/uploads\/2023\/01\/image-1.png 534w, https:\/\/vinarstvifrydek.cz\/wp-content\/uploads\/2023\/01\/image-1-300x135.png 300w\" sizes=\"auto, (max-width: 534px) 100vw, 534px\" \/><\/figure>\n\n\n\n<p>Na\u0161e vina\u0159stv\u00ed se nach\u00e1z\u00ed v malebn\u00e9 obci Moravsk\u00e1 Nov\u00e1 Ves nedaleko B\u0159eclavi.<\/p>\n\n\n\n<p>V na\u0161\u00ed produkci najdete celou \u0161k\u00e1lu b\u00edl\u00fdch a \u010derven\u00fdch v\u00edn z t\u011bch nejlep\u0161\u00edch vini\u010dn\u00edch trat\u00ed. Na\u0161imi specialitami jsou z b\u00edl\u00fdch v\u00edn Rulandsk\u00e9 \u0161ed\u00e9, Mu\u0161k\u00e1t moravsk\u00fd \u010di Bacchus. Z \u010derven\u00fdch v\u00edn pak Cabernet Moravia, Zweigeltrebe nebo Neronet.<\/p>\n\n\n\n<p>V r\u00e1mci slu\u017eeb nab\u00edz\u00edme mimo prodeje v\u00edna, i degustace s odborn\u00fdm v\u00fdkladem.<\/p>\n\n\n\n<p>V neposledn\u00ed \u0159ad\u011b pak nab\u00edz\u00edme mo\u017enost ubytov\u00e1n\u00ed p\u0159\u00edmo nad vinn\u00fdm sklepem v na\u0161em penzionu (v\u00edce v sekci&nbsp;<a href=\"https:\/\/vinarstvifrydek.cz\/?page_id=68\" data-type=\"URL\" data-id=\"https:\/\/vinarstvifrydek.cz\/?page_id=68\">Ubytov\u00e1n\u00ed<\/a>)<\/p>\n\n\n\n<p class=\"has-extra-large-font-size\"><strong>Novinky:<\/strong><\/p>\n\n\n<ul class=\"wp-block-latest-posts__list wp-block-latest-posts\"><li><a class=\"wp-block-latest-posts__post-title\" href=\"https:\/\/vinarstvifrydek.cz\/?p=129\">Jarn\u00ed otev\u0159en\u00e9 sklepy 2024<\/a><div class=\"wp-block-latest-posts__post-excerpt\">Vina\u0159sk\u00fd spolek Moravsk\u00e1 Nov\u00e1 Ves zve v\u0161echny vina\u0159e, p\u0159\u00edznivce i milovn\u00edky kvalitn\u00edho moravsk\u00e9ho v\u00edna v sobotu 20. dubna 2024 v dob\u011b od 10.00 do 19.00 hodin do autentick\u00fdch prostor sklepn\u00edch uli\u010dek U n\u00e1dra\u017e\u00ed, V\u00fdmol a Z\u00e1ti\u0161\u00ed v Moravsk\u00e9 Nov\u00e9 Vsi k n\u00e1v\u0161t\u011bv\u011b p\u0159ibli\u017en\u011b 30 otev\u0159en\u00fdch vinn\u00fdch sklep\u016f a skl\u00edpk\u016f.<\/div><\/li>\n<\/ul>","protected":false},"excerpt":{"rendered":"<p>Na\u0161e vina\u0159stv\u00ed se nach\u00e1z\u00ed v malebn\u00e9 obci Moravsk\u00e1 Nov\u00e1 Ves nedaleko B\u0159eclavi. V na\u0161\u00ed produkci najdete celou \u0161k\u00e1lu b\u00edl\u00fdch a \u010derven\u00fdch v\u00edn z t\u011bch nejlep\u0161\u00edch vini\u010dn\u00edch trat\u00ed. Na\u0161imi specialitami jsou z b\u00edl\u00fdch v\u00edn Rulandsk\u00e9 \u0161ed\u00e9, Mu\u0161k\u00e1t moravsk\u00fd \u010di Bacchus. Z \u010derven\u00fdch v\u00edn pak Cabernet Moravia, Zweigeltrebe nebo Neronet. V r\u00e1mci slu\u017eeb nab\u00edz\u00edme mimo prodeje v\u00edna, [&hellip;]<\/p>\n","protected":false},"author":1,"featured_media":0,"parent":0,"menu_order":0,"comment_status":"closed","ping_status":"closed","template":"","meta":{"_coblocks_attr":"","_coblocks_dimensions":"","_coblocks_responsive_height":"","_coblocks_accordion_ie_support":"","hide_page_title":"","footnotes":""},"class_list":["post-49","page","type-page","status-publish","hentry"],"_links":{"self":[{"href":"https:\/\/vinarstvifrydek.cz\/index.php?rest_route=\/wp\/v2\/pages\/49","targetHints":{"allow":["GET"]}}],"collection":[{"href":"https:\/\/vinarstvifrydek.cz\/index.php?rest_route=\/wp\/v2\/pages"}],"about":[{"href":"https:\/\/vinarstvifrydek.cz\/index.php?rest_route=\/wp\/v2\/types\/page"}],"author":[{"embeddable":true,"href":"https:\/\/vinarstvifrydek.cz\/index.php?rest_route=\/wp\/v2\/users\/1"}],"replies":[{"embeddable":true,"href":"https:\/\/vinarstvifrydek.cz\/index.php?rest_route=%2Fwp%2Fv2%2Fcomments&post=49"}],"version-history":[{"count":7,"href":"https:\/\/vinarstvifrydek.cz\/index.php?rest_route=\/wp\/v2\/pages\/49\/revisions"}],"predecessor-version":[{"id":120,"href":"https:\/\/vinarstvifrydek.cz\/index.php?rest_route=\/wp\/v2\/pages\/49\/revisions\/120"}],"wp:attachment":[{"href":"https:\/\/vinarstvifrydek.cz\/index.php?rest_route=%2Fwp%2Fv2%2Fmedia&parent=49"}],"curies":[{"name":"wp","href":"https:\/\/api.w.org\/{rel}","templated":true}]}}