{"id":113,"date":"2023-01-16T00:29:15","date_gmt":"2023-01-15T23:29:15","guid":{"rendered":"https:\/\/vinarstvifrydek.cz\/?page_id=113"},"modified":"2023-01-16T00:30:00","modified_gmt":"2023-01-15T23:30:00","slug":"degustace","status":"publish","type":"page","link":"https:\/\/vinarstvifrydek.cz\/?page_id=113","title":{"rendered":"Degustace"},"content":{"rendered":"\n<figure class=\"wp-block-image size-full\"><img loading=\"lazy\" decoding=\"async\" width=\"535\" height=\"240\" src=\"https:\/\/vinarstvifrydek.cz\/wp-content\/uploads\/2023\/01\/page3_img1.jpg\" alt=\"\" class=\"wp-image-117\" srcset=\"https:\/\/vinarstvifrydek.cz\/wp-content\/uploads\/2023\/01\/page3_img1.jpg 535w, https:\/\/vinarstvifrydek.cz\/wp-content\/uploads\/2023\/01\/page3_img1-300x135.jpg 300w\" sizes=\"auto, (max-width: 535px) 100vw, 535px\" \/><\/figure>\n\n\n\n<p>Degustace v\u00edn z na\u0161\u00ed produkce poskytujeme s odborn\u00fdm v\u00fdkladem dle p\u0159\u00e1n\u00ed z\u00e1kazn\u00edka. Sou\u010d\u00e1st\u00ed degustace m\u016f\u017ee b\u00fdt i ob\u010derstven\u00ed v p\u0159edem stanoven\u00e9m rozsahu (jak tepl\u00e9 tak studen\u00e9).<\/p>\n\n\n\n<p>Samotn\u00e1 degustace je mo\u017en\u00e1 p\u0159\u00edmo v prostor\u00e1ch vinn\u00e9ho sklepa &#8222;mezi be\u010dkami&#8220;, v prostor\u00e1ch na\u0161eho penzionu (uvnit\u0159 ve velk\u00e9 spole\u010densk\u00e9 m\u00edstnosti, \u010di na jeho zahrad\u011b) a nebo tak\u00e9 p\u0159\u00edmo u V\u00e1s.<\/p>\n\n\n\n<p>V p\u0159\u00edpad\u011b Va\u0161eho z\u00e1jmu n\u00e1s nev\u00e1hejte kontaktovat.<\/p>\n","protected":false},"excerpt":{"rendered":"<p>Degustace v\u00edn z na\u0161\u00ed produkce poskytujeme s odborn\u00fdm v\u00fdkladem dle p\u0159\u00e1n\u00ed z\u00e1kazn\u00edka. Sou\u010d\u00e1st\u00ed degustace m\u016f\u017ee b\u00fdt i ob\u010derstven\u00ed v p\u0159edem stanoven\u00e9m rozsahu (jak tepl\u00e9 tak studen\u00e9). Samotn\u00e1 degustace je mo\u017en\u00e1 p\u0159\u00edmo v prostor\u00e1ch vinn\u00e9ho sklepa &#8222;mezi be\u010dkami&#8220;, v prostor\u00e1ch na\u0161eho penzionu (uvnit\u0159 ve velk\u00e9 spole\u010densk\u00e9 m\u00edstnosti, \u010di na jeho zahrad\u011b) a nebo tak\u00e9 p\u0159\u00edmo u [&hellip;]<\/p>\n","protected":false},"author":1,"featured_media":0,"parent":0,"menu_order":0,"comment_status":"closed","ping_status":"closed","template":"","meta":{"_coblocks_attr":"","_coblocks_dimensions":"","_coblocks_responsive_height":"","_coblocks_accordion_ie_support":"","hide_page_title":"","footnotes":""},"class_list":["post-113","page","type-page","status-publish","hentry"],"_links":{"self":[{"href":"https:\/\/vinarstvifrydek.cz\/index.php?rest_route=\/wp\/v2\/pages\/113","targetHints":{"allow":["GET"]}}],"collection":[{"href":"https:\/\/vinarstvifrydek.cz\/index.php?rest_route=\/wp\/v2\/pages"}],"about":[{"href":"https:\/\/vinarstvifrydek.cz\/index.php?rest_route=\/wp\/v2\/types\/page"}],"author":[{"embeddable":true,"href":"https:\/\/vinarstvifrydek.cz\/index.php?rest_route=\/wp\/v2\/users\/1"}],"replies":[{"embeddable":true,"href":"https:\/\/vinarstvifrydek.cz\/index.php?rest_route=%2Fwp%2Fv2%2Fcomments&post=113"}],"version-history":[{"count":3,"href":"https:\/\/vinarstvifrydek.cz\/index.php?rest_route=\/wp\/v2\/pages\/113\/revisions"}],"predecessor-version":[{"id":119,"href":"https:\/\/vinarstvifrydek.cz\/index.php?rest_route=\/wp\/v2\/pages\/113\/revisions\/119"}],"wp:attachment":[{"href":"https:\/\/vinarstvifrydek.cz\/index.php?rest_route=%2Fwp%2Fv2%2Fmedia&parent=113"}],"curies":[{"name":"wp","href":"https:\/\/api.w.org\/{rel}","templated":true}]}}